{"id":744,"date":"2021-02-23T23:18:12","date_gmt":"2021-02-23T23:18:12","guid":{"rendered":"https:\/\/charming-beige-otter.23-187-248-17.cpanel.site\/amda\/?page_id=744"},"modified":"2026-03-25T20:14:26","modified_gmt":"2026-03-25T20:14:26","slug":"cumplimiento_normativo","status":"publish","type":"page","link":"https:\/\/amdamorelos.com\/index.php\/cumplimiento_normativo\/","title":{"rendered":"Cumplimiento Normativo"},"content":{"rendered":"<div class=\"wpb-content-wrapper\"><p>[vc_row][vc_column][vc_column_text css=&#8221;&#8221; el_class=&#8221;textoverde&#8221;]<\/p>\n<h5 style=\"text-align: justify;\">El departamento de Complimiento Normativo de AMDA Morelos, tiene como objetivo el brindar de manera preventiva, eficaz y eficiente, servicios de apoyo y asesor\u00eda a los asociados en torno a los requerimientos vigentes en materias de cumplimiento normativo a la que son sujetas.<\/h5>\n<h5 style=\"text-align: center;\">Lo anterior, con la finalidad de asegurar el cabal cumplimiento de los requerimientos estipulados para el \u00f3ptimo funcionamiento en todos los ejes del cumplimiento normativo y por consiguiente, evitar incumplimientos e imposici\u00f3n de multas.<\/h5>\n<p>&nbsp;<\/p>\n<h4 style=\"text-align: center;\"><strong>PRINCIPALES ACTIVIDADES DEL DEPARTAMENTO DE CUMPLIMIENTO NORMATIVO<\/strong><\/h4>\n<p>[\/vc_column_text][\/vc_column][\/vc_row][vc_row][vc_column][vc_separator][\/vc_column][\/vc_row][vc_row css=&#8221;.vc_custom_1614790155675{margin-bottom: 50px !important;}&#8221;][vc_column][vc_tta_accordion style=&#8221;modern&#8221; active_section=&#8221;1&#8243;][vc_tta_section title=&#8221;REVISIONES DE CUMPLIMIENTO NORMATIVO&#8221; tab_id=&#8221;1614787644775-3769ea74-c469&#8243;][vc_column_text]Constan de la realizaci\u00f3n de una visita in situ por parte del equipo de AMDA Morelos directamente en el domicilio del distribuidor, a fin de revisar desde un punto de vista objetivo, los criterios que la autoridad competente verificar\u00eda durante una visita de inspecci\u00f3n y abarcando criterios de revisi\u00f3n f\u00edsicos y documentales.[\/vc_column_text][\/vc_tta_section][vc_tta_section title=&#8221;ASESORIA GENERAL&#8221; tab_id=&#8221;1614787586956-039d9106-14d1&#8243;][vc_column_text]Apoyo en la resoluci\u00f3n de dudas y orientaci\u00f3n en casos espec\u00edficos, para la resoluci\u00f3n de<br \/>\nsituaciones que se presentan en la operaci\u00f3n de las agencias, al marco de la legislaci\u00f3n y<br \/>\nnormatividad de la materia en cuesti\u00f3n.<\/p>\n<p>[\/vc_column_text][\/vc_tta_section][vc_tta_section title=&#8221;CAPACITACIONES&#8221; tab_id=&#8221;1614787510971-3915dd1a-0953&#8243;][vc_column_text]Se imparten gran variedad de cursos en materia de cumplimiento normativo de manera virtual y<br \/>\npresencial, esto con la finalidad de mantener preparados a los colaboradores de las agencias en<br \/>\nsus distintos niveles y \u00e1reas de desempe\u00f1o.[\/vc_column_text][\/vc_tta_section][vc_tta_section title=&#8221;APOYO EN CERTIFICACIONES y RECERTIFICACIONES&#8221; tab_id=&#8221;1614787471808-a5284f85-740f&#8221;][vc_column_text]Comprometidos con la mejora continua de nuestros asociados para que d\u00eda a d\u00eda implementen<br \/>\nmejores pr\u00e1cticas en su organizaci\u00f3n, se brinda apoyo, asesor\u00eda y acompa\u00f1amiento para que<br \/>\naquellas agencias que as\u00ed lo deseen, puedan obtener un reconocimiento a su nivel de<br \/>\ncumplimiento mediante una certificaci\u00f3n o seg\u00fan el caso, en el proceso para recertificarse.[\/vc_column_text][\/vc_tta_section][vc_tta_section title=&#8221;ACOMPA\u00d1AMIENTO DURANTE VISITAS DE INSPECCI\u00d3N&#8221; tab_id=&#8221;1614787374908-0348b4fd-c1a2&#8243;][vc_column_text]En caso de recibir visitas de inspecci\u00f3n por parte del \u00f3rgano regulador, se brinda un<br \/>\nacompa\u00f1amiento durante la inspecci\u00f3n a fin de apoyar a los asociados y proporcionarles la<br \/>\nasesor\u00eda necesaria para poder atender los requerimientos por parte de la autoridad.[\/vc_column_text][\/vc_tta_section][\/vc_tta_accordion][\/vc_column][\/vc_row][vc_row css=&#8221;.vc_custom_1614790155675{margin-bottom: 50px !important;}&#8221;][vc_column][vc_column_text el_class=&#8221;textoverde&#8221;]<\/p>\n<h4 style=\"text-align: center;\"><strong>MATERIAS DE CUMPLIMIENTO NORMATIVO<\/strong><\/h4>\n<p>[\/vc_column_text][vc_tta_accordion style=&#8221;modern&#8221; active_section=&#8221;1&#8243;][vc_tta_section title=&#8221;PROCURADUR\u00cdA FEDERAL DEL CONSUMIDOR&#8221; tab_id=&#8221;1614957245944-1009196d-21dd&#8221;][vc_column_text]Servicios de apoyo y asesor\u00eda en torno al cumplimiento de la Ley Federal de Protecci\u00f3n al<br \/>\nconsumidor y las normas relativas a la comercializaci\u00f3n de veh\u00edculos Nuevos, Seminuevos y<br \/>\nPrestaci\u00f3n de servicios de Reparaci\u00f3n y Mantenimiento; ofreciendo documentos y material de<br \/>\nsustento para que los asociados puedan dar cumplimiento a las disposiciones aplicables y a su vez,<br \/>\nse encuentren prevenidos disminuyendo incumplimientos y evitando la imposici\u00f3n de multas por<br \/>\nparte de las autoridades competentes.<\/p>\n<p>Consulta lo relativo a:<\/p>\n<ul>\n<li><strong>Contratos de adhesi\u00f3n<\/strong><\/li>\n<li><strong>Legales en mercadotecnia<\/strong><\/li>\n<li><strong>Tableros informativos<\/strong><\/li>\n<li><strong>Conformaci\u00f3n de expedientes<\/strong><\/li>\n<\/ul>\n<div class=\"textoverde2\">Para m\u00e1s informaci\u00f3n, puedes contactar a nuestro colaborador:<br \/>\n<strong>Lic. Sandra Luz Hern\u00e1ndez Segura<\/strong><br \/>\n<strong>Encargada de Mejora Continua de AMDA Morelos<\/strong><br \/>\n<strong>777 377 19 74<\/strong><br \/>\n<strong>shernandezs@amda.mx<\/strong><\/div>\n<p>[\/vc_column_text][\/vc_tta_section][vc_tta_section title=&#8221;PROTECCI\u00d3N DE DATOS PERSONALES&#8221; tab_id=&#8221;1614957246022-413738ad-49dc&#8221;][vc_column_text]Servicios de apoyo y asesor\u00eda en torno al cumplimiento de la Ley Federal de Protecci\u00f3n de Datos<br \/>\nPersonales en Posesi\u00f3n de particulares; ofreciendo documentos y material de sustento para que<br \/>\nlos asociados puedan dar cumplimiento a las disposiciones aplicables y a su vez, se encuentren<br \/>\nprevenidos disminuyendo incumplimientos y evitando la imposici\u00f3n de multas por parte de la<br \/>\nautoridad competente.<\/p>\n<p>Consulta lo relativo a:<\/p>\n<ul>\n<li><strong>Avisos de privacidad<\/strong><\/li>\n<li><strong>Medidas de seguridad de informaci\u00f3n<\/strong><\/li>\n<li><strong>Derechos ARCO<\/strong><\/li>\n<\/ul>\n<div class=\"textoverde2\">Para m\u00e1s informaci\u00f3n, puedes contactar a nuestro colaborador:<br \/>\n<strong>Lic. Sandra Luz Hern\u00e1ndez Segura<\/strong><br \/>\n<strong>Encargada de Mejora Continua de AMDA Morelos<\/strong><br \/>\n<strong>777 377 19 74<\/strong><br \/>\n<strong>shernandezs@amda.mx<\/strong><\/div>\n<p>[\/vc_column_text][\/vc_tta_section][vc_tta_section title=&#8221;REPUVE&#8221; tab_id=&#8221;1614957246085-14e064a5-50da&#8221;][vc_column_text]Servicios de apoyo y asesor\u00eda en torno al cumplimiento de las disposiciones emitidas por el<br \/>\nSecretariado Ejecutivo respecto al Registro P\u00fablico Vehicular; ofreciendo documentos y material de<br \/>\nsustento para que los sujetos obligados puedan dar cumplimiento a las disposiciones<br \/>\ncorrespondientes y a su vez, se encuentren prevenidos disminuyendo incumplimientos y evitando<br \/>\nla imposici\u00f3n de multas por parte de la autoridad competente.<\/p>\n<p>Consulta lo relativo a:<\/p>\n<ul>\n<li><strong>Presentaci\u00f3n de Avisos<\/strong><\/li>\n<li><strong>Alta y modificaci\u00f3n de usuarios<\/strong><\/li>\n<li><strong>Conformaci\u00f3n de expediente<\/strong><\/li>\n<\/ul>\n<div class=\"textoverde2\">Para m\u00e1s informaci\u00f3n, puedes contactar a nuestro colaborador:<br \/>\n<strong>Lic. Sandra Luz Hern\u00e1ndez Segura<\/strong><br \/>\n<strong>Encargada de Mejora Continua de AMDA Morelos<\/strong><br \/>\n<strong>777 377 19 74<\/strong><br \/>\n<strong>shernandezs@amda.mx<\/strong><\/div>\n<p>[\/vc_column_text][\/vc_tta_section][vc_tta_section title=&#8221;SECRETAR\u00cdA DEL TRABAJO Y PREVISI\u00d3N SOCIAL&#8221; tab_id=&#8221;1614957246152-d28a3a2d-99f7&#8243;][vc_column_text css=&#8221;&#8221;]Asesor\u00eda externa y material de apoyo (formatos, presentaciones, fundamentaci\u00f3n etc.), de acuerdo con la normatividad aplicable en materia de Secretar\u00eda del Trabajo y Previsi\u00f3n Social (STPS).<\/p>\n<p>Consulta lo relativo a:<\/p>\n<ul>\n<li>Seguridad e Higiene<\/li>\n<li>Capacitaci\u00f3n y adiestramiento<\/li>\n<li>Reglamento Federal de Seguridad y Salud en el Trabajo<\/li>\n<li>Programa de Autogesti\u00f3n en Seguridad y Salud en el Trabajo (PASST)<\/li>\n<\/ul>\n<div class=\"textoverde2\">Para m\u00e1s informaci\u00f3n, puedes contactar a nuestro colaborador:<br \/>\n<strong>Ing. Edgar Omar Rodr\u00edguez Casiano<br \/>\nAsesor de Seguridad e Higiene de AMDA Morelos<br \/>\n<\/strong><strong>777 973 7235<br \/>\n<\/strong><a href=\"mailto:erodriguezc@amda.mx\">erodriguezc@amda.mx<\/a><\/div>\n<p>[\/vc_column_text][\/vc_tta_section][vc_tta_section title=&#8221;PREVENCI\u00d3N DE LAVADO DE DINERO&#8221; tab_id=&#8221;1632147238834-16d70592-f092&#8243;][vc_column_text]<span style=\"font-weight: 400;\">Servicios de apoyo y asesor\u00eda en torno al cumplimiento de la Ley Federal para la Prevenci\u00f3n e Identificaci\u00f3n de Operaciones con Recursos de Procedencia Il\u00edcita (Ley antilavado); ofreciendo asesor\u00eda, documentos, material de sustento y a su vez, efectuando diagn\u00f3sticos de acuerdo con las observaciones derivadas de revisiones, a fin de que los sujetos obligados puedan dar cumplimiento a las disposiciones aplicables, disminuyendo incumplimientos y evitando la imposici\u00f3n de multas por parte de las autoridades competentes.<\/span><\/p>\n<p><span style=\"font-weight: 400;\">Consulta lo relativo a:<\/span><\/p>\n<ul>\n<li style=\"font-weight: 400;\" aria-level=\"1\"><strong>Identificaci\u00f3n de clientes<\/strong><\/li>\n<li style=\"font-weight: 400;\" aria-level=\"1\"><strong>Presentaci\u00f3n de avisos<\/strong><\/li>\n<li style=\"font-weight: 400;\" aria-level=\"1\"><strong>Acumulaci\u00f3n de operaciones<\/strong><\/li>\n<li style=\"font-weight: 400;\" aria-level=\"1\"><strong>Conformaci\u00f3n de expedientes<\/strong><\/li>\n<\/ul>\n<p>&nbsp;<\/p>\n<div class=\"textoverde2\">Para m\u00e1s informaci\u00f3n, puedes contactar a nuestro colaborador:<br \/>\n<strong>Lic. Sandra Luz Hern\u00e1ndez Segura<\/strong><br \/>\n<strong>Encargada de Mejora Continua de AMDA Morelos<\/strong><br \/>\n<strong>777 377 19 74<\/strong><br \/>\n<strong>shernandezs@amda.mx<\/strong><\/div>\n<p>[\/vc_column_text][\/vc_tta_section][\/vc_tta_accordion][\/vc_column][\/vc_row]<\/p>\n<\/div>","protected":false},"excerpt":{"rendered":"<p>[vc_row][vc_column][vc_column_text css=&#8221;&#8221; el_class=&#8221;textoverde&#8221;] El departamento de Complimiento Normativo de AMDA Morelos, tiene como objetivo el brindar de manera preventiva, eficaz y eficiente, servicios de apoyo y<span class=\"excerpt-hellip\"> [\u2026]<\/span><\/p>\n","protected":false},"author":1,"featured_media":-1,"parent":0,"menu_order":0,"comment_status":"closed","ping_status":"closed","template":"","meta":{"_monsterinsights_skip_tracking":false,"_monsterinsights_sitenote_active":false,"_monsterinsights_sitenote_note":"","_monsterinsights_sitenote_category":0,"footnotes":""},"categories":[],"tags":[],"class_list":["post-744","page","type-page","status-publish","has-post-thumbnail","hentry"],"_links":{"self":[{"href":"https:\/\/amdamorelos.com\/index.php\/wp-json\/wp\/v2\/pages\/744","targetHints":{"allow":["GET"]}}],"collection":[{"href":"https:\/\/amdamorelos.com\/index.php\/wp-json\/wp\/v2\/pages"}],"about":[{"href":"https:\/\/amdamorelos.com\/index.php\/wp-json\/wp\/v2\/types\/page"}],"author":[{"embeddable":true,"href":"https:\/\/amdamorelos.com\/index.php\/wp-json\/wp\/v2\/users\/1"}],"replies":[{"embeddable":true,"href":"https:\/\/amdamorelos.com\/index.php\/wp-json\/wp\/v2\/comments?post=744"}],"version-history":[{"count":39,"href":"https:\/\/amdamorelos.com\/index.php\/wp-json\/wp\/v2\/pages\/744\/revisions"}],"predecessor-version":[{"id":1096,"href":"https:\/\/amdamorelos.com\/index.php\/wp-json\/wp\/v2\/pages\/744\/revisions\/1096"}],"wp:featuredmedia":[{"embeddable":true,"href":"https:\/\/amdamorelos.com\/index.php\/wp-json\/"}],"wp:attachment":[{"href":"https:\/\/amdamorelos.com\/index.php\/wp-json\/wp\/v2\/media?parent=744"}],"wp:term":[{"taxonomy":"category","embeddable":true,"href":"https:\/\/amdamorelos.com\/index.php\/wp-json\/wp\/v2\/categories?post=744"},{"taxonomy":"post_tag","embeddable":true,"href":"https:\/\/amdamorelos.com\/index.php\/wp-json\/wp\/v2\/tags?post=744"}],"curies":[{"name":"wp","href":"https:\/\/api.w.org\/{rel}","templated":true}]}}