{"id":740,"date":"2021-02-23T23:14:03","date_gmt":"2021-02-23T23:14:03","guid":{"rendered":"https:\/\/charming-beige-otter.23-187-248-17.cpanel.site\/amda\/?page_id=740"},"modified":"2026-03-27T22:40:21","modified_gmt":"2026-03-27T22:40:21","slug":"expoautomorelos","status":"publish","type":"page","link":"https:\/\/amdamorelos.com\/index.php\/expoautomorelos\/","title":{"rendered":"Expo Auto Morelos 2024"},"content":{"rendered":"<div class=\"wpb-content-wrapper\"><p>[vc_row][vc_column][vc_column_text css=&#8221;&#8221;]<\/p>\n<h4><strong>EXPOAUTO MORELOS<br \/>\n<\/strong>TODAS LAS MARCAS EN UN MISMO LUGAR<\/h4>\n<p>Un evento que logra reunir a las mejores marcas de autos en un mismo lugar. Aqu\u00ed podr\u00e1s encontrar m\u00faltiples alternativas de compra, diversas modalidades de financiamiento y promociones especiales que te permita tomar la mejor decisi\u00f3n de compra.\u00a0 Durante un evento 100% familiar.<\/p>\n<p>La Expo Auto Morelos nace hace 15 a\u00f1os como una iniciativa para apoyar a las distribuidoras del estado de Morelos, con el objetivo de fomentar la comercializaci\u00f3n de veh\u00edculos nuevos y fortalecer la econom\u00eda local.<\/p>\n<p>Las primeras 10 ediciones de Expo Auto Morelos se realizaron de manera independiente uniendo esfuerzos con los Distribuidores de autos, utilizando durante este periodo diversos escenarios.<\/p>\n<p>A partir del 2023 el evento EXPO AUTO Morelos, se realiza en colaboraci\u00f3n con la Secretar\u00eda de Desarrollo Econ\u00f3mico a trav\u00e9s de FIDECOMP, ya que ha logrado cumplir con cada uno de los criterios considerados por el FIDEICOMISO:<\/p>\n<ul>\n<li>DERRAMA ECON\u00d3MICA<\/li>\n<li>COMPETITIVIDAD<\/li>\n<li>EMPLEABILIDAD<\/li>\n<\/ul>\n<h4>UN EVENTO CON GRANDES ACTIVIDADES<\/h4>\n<p><strong>CARRERA ATL\u00c9TICA EXPO AUTO MORELOS<\/strong><\/p>\n<p>La Carrera Atl\u00e9tica ExpoAuto es una estrategia clave para incrementar la afluencia de visitantes, tanto competidores como sus familias, generando un ambiente familiar, saludable y din\u00e1mico.<\/p>\n<p>Este tipo de iniciativas ha cobrado gran relevancia en los \u00faltimos a\u00f1os, ya que no solo resultan altamente atractivas para el p\u00fablico, sino que tambi\u00e9n fomentan el deporte, la salud y la convivencia social.<\/p>\n<p><strong>CONCURSO DE FOTOGRAF\u00cdA\u00a0 EXPO AUTO MORELOS<br \/>\n<\/strong>Promover el talento fotogr\u00e1fico vinculando la belleza del estado y la pasi\u00f3n por los autos. Cosiste en tomar una fotograf\u00eda creativa en un lugar representativo y\/o un paisaje de Morelos, junto a un veh\u00edculo de las marcas participantes de EXPO AUTO MORELOS.<\/p>\n<p><strong>ACTIVIDADES Y TALLERES INFANTILES <\/strong><br \/>\nOfrecer a los asistentes un espacio seguro, creativo y divertido para sus peque\u00f1os, mientras los adultos realizan con tranquilidad su recorrido por la exposici\u00f3n. Esta iniciativa busca brindar una experiencia integral y familiar, permitiendo que todos los visitantes disfruten del evento de manera c\u00f3moda y entretenida<\/p>\n<p><strong>CICLO DE CONFERENCIAS Y CHARLAS<br \/>\n<\/strong>Lograr un acercamiento con el p\u00fablico visitante a efecto de dar a conocer los beneficios del los productos, considerar aspectos relevantes como temas de garant\u00edas, tecnolog\u00edas, arrendamientos etc. El modelo de charlas es tipo TED.<\/p>\n<p><strong>PRUEBAS DE MANEJO<br \/>\n<\/strong>Con la finalidad de ofrecer una experiencia completa al cliente se contar\u00e1 con un circuito para pruebas de manejo.<\/p>\n<p><strong>PABELL\u00d3N AUTOS CLASICOS<br \/>\n<\/strong>Este espacio contar\u00e1 con la exhibici\u00f3n de aproximadamente 15 cl\u00e1sicos para ofrecer al p\u00fablico amante de los autos una experiencia \u00fanica.<\/p>\n<p><strong>PABELL\u00d3N DE ELECTROMOVILIDAD<br \/>\n<\/strong>12 espacios para veh\u00edculos de tecnolog\u00eda hibr\u00edda y\/o el\u00e9ctrica.<\/p>\n<p><strong>PABELL\u00d3N DE VEHICULOS DE SERVICIO (COMERCIALES Y TRANSPORTE UBER\/TAXi<br \/>\n<\/strong>12 espacios para veh\u00edculos tipo comerciales<strong><br \/>\n<\/strong>Piso detailing<\/p>\n<p><strong>\u00c1REA DE COMIDA FOOD TRUCKS Y RESTUARANTE EN EL LUGAR<\/strong><br \/>\nOfrecer a los asistentes un espacio c\u00f3modo, agradable y accesible para alimentarse y descansar, mejorando su experiencia dentro del evento y fomentando una mayor permanencia en el recinto.<\/p>\n<p><strong>ORGANIZADOR<br \/>\n<\/strong>Organiza: AMDA MORELOS. La Asociaci\u00f3n de Distribuidores de Veh\u00edculos Automotores del Estado de Morelos A.C., fue constituida el 5 de junio del 2007. Actualmente agrupamos a 33 Distribuidores de veh\u00edculos, Misi\u00f3n[\/vc_column_text][vc_video link=&#8221;https:\/\/youtu.be\/GNuFdbb7VbE?si=0Y6uOlRoMfJIGd-t&#8221; css=&#8221;&#8221; title=&#8221;Expoauto Morelos 2025&#8243;][\/vc_column][\/vc_row][vc_row][vc_column width=&#8221;1\/2&#8243;][vc_video link=&#8221;https:\/\/youtu.be\/fxImGtR3AKY?si=0BU0XNKkH9lerYBo&#8221; css=&#8221;&#8221; title=&#8221;Carrera Expo Auto Morelos 2025&#8243;][\/vc_column][vc_column width=&#8221;1\/2&#8243;][vc_video link=&#8221;https:\/\/youtu.be\/qevmKcEVEfU?si=3rFPb5YRqwwpNIrH&#8221; css=&#8221;&#8221; title=&#8221;Concurso de fotograf\u00eda Expo auto Morelos 2025&#8243;][\/vc_column][\/vc_row][vc_row][vc_column][\/vc_column][\/vc_row]<\/p>\n<\/div>","protected":false},"excerpt":{"rendered":"<p>[vc_row][vc_column][vc_column_text css=&#8221;&#8221;] EXPOAUTO MORELOS TODAS LAS MARCAS EN UN MISMO LUGAR Un evento que logra reunir a las mejores marcas de autos en un mismo lugar.<span class=\"excerpt-hellip\"> [\u2026]<\/span><\/p>\n","protected":false},"author":1,"featured_media":1098,"parent":0,"menu_order":0,"comment_status":"closed","ping_status":"closed","template":"","meta":{"_monsterinsights_skip_tracking":false,"_monsterinsights_sitenote_active":false,"_monsterinsights_sitenote_note":"","_monsterinsights_sitenote_category":0,"footnotes":""},"categories":[],"tags":[],"class_list":["post-740","page","type-page","status-publish","has-post-thumbnail","hentry"],"_links":{"self":[{"href":"https:\/\/amdamorelos.com\/index.php\/wp-json\/wp\/v2\/pages\/740","targetHints":{"allow":["GET"]}}],"collection":[{"href":"https:\/\/amdamorelos.com\/index.php\/wp-json\/wp\/v2\/pages"}],"about":[{"href":"https:\/\/amdamorelos.com\/index.php\/wp-json\/wp\/v2\/types\/page"}],"author":[{"embeddable":true,"href":"https:\/\/amdamorelos.com\/index.php\/wp-json\/wp\/v2\/users\/1"}],"replies":[{"embeddable":true,"href":"https:\/\/amdamorelos.com\/index.php\/wp-json\/wp\/v2\/comments?post=740"}],"version-history":[{"count":18,"href":"https:\/\/amdamorelos.com\/index.php\/wp-json\/wp\/v2\/pages\/740\/revisions"}],"predecessor-version":[{"id":1126,"href":"https:\/\/amdamorelos.com\/index.php\/wp-json\/wp\/v2\/pages\/740\/revisions\/1126"}],"wp:featuredmedia":[{"embeddable":true,"href":"https:\/\/amdamorelos.com\/index.php\/wp-json\/wp\/v2\/media\/1098"}],"wp:attachment":[{"href":"https:\/\/amdamorelos.com\/index.php\/wp-json\/wp\/v2\/media?parent=740"}],"wp:term":[{"taxonomy":"category","embeddable":true,"href":"https:\/\/amdamorelos.com\/index.php\/wp-json\/wp\/v2\/categories?post=740"},{"taxonomy":"post_tag","embeddable":true,"href":"https:\/\/amdamorelos.com\/index.php\/wp-json\/wp\/v2\/tags?post=740"}],"curies":[{"name":"wp","href":"https:\/\/api.w.org\/{rel}","templated":true}]}}